{"id":5595,"date":"2019-09-21T20:03:59","date_gmt":"2019-09-21T18:03:59","guid":{"rendered":"http:\/\/zem.com.pl\/?page_id=5595"},"modified":"2019-09-22T23:31:54","modified_gmt":"2019-09-22T21:31:54","slug":"our-history","status":"publish","type":"page","link":"https:\/\/zem.com.pl\/en\/about-us\/our-history\/","title":{"rendered":"Our history"},"content":{"rendered":"<p>[vc_row full_width=&#8221;stretch_row&#8221; equal_height=&#8221;yes&#8221; content_placement=&#8221;middle&#8221; parallax=&#8221;content-moving&#8221; parallax_speed_bg=&#8221;1.2&#8243; css=&#8221;.vc_custom_1565027931292{background: #262522 url(http:\/\/zem.com.pl\/wp-content\/uploads\/2019\/08\/tlo-o-nas-blackaa.jpg?id=4395);background-position:center;background-repeat:-repeat !important;background-size: cover !important;}&#8221;][vc_column width=&#8221;1\/2&#8243; css=&#8221;.vc_custom_1565010635701{margin-right: 15px !important;margin-left: 15px !important;padding-right: 30px !important;padding-left: 30px !important;background-color: #ffffff !important;}&#8221;][vc_empty_space height=&#8221;35px&#8221;][vc_custom_heading text=&#8221;Our history&#8221; use_theme_fonts=&#8221;yes&#8221;][vc_column_text]Our company has experienced a turbulent history related to the political transformation of the entire Polish economy in the second half of the 20th century and at the beginning of the 21st century. There is no overstatement in claiming that its current existence is due to the persistence and determination of people from its current management as well as the commitment and experience of the crew.<\/p>\n<p>The roots of the plant date back to the nineteenth century, when in 1891 in Duszniki, a German entrepreneur founded the Home Hand Weaving Industry Organization, and then a large mechanical weaving mill based on it. The weaving mill underwent many perturbations in connection with the First and Second World War, and finally in 1945 it was liquidated and transformed. This is when the true story of ZEM begins.<\/p>\n<p>The Polish economy has experienced many changes towards the 21st century. The company has changed the same way, undergoing numerous conversions as well as changing and adapting its production profile to current market trends. Thanks to this, the current company has gained experience and continues many years of tradition in the production of DC motors for a variety of applications, acquired over several decades of activity, in various organizational and legal forms:[\/vc_column_text][vc_empty_space height=&#8221;35px&#8221;][\/vc_column][vc_column width=&#8221;1\/2&#8243;][vc_row_inner][vc_column_inner css=&#8221;.vc_custom_1565010456817{padding-top: 10px !important;}&#8221;][vc_single_image image=&#8221;5152&#8243; img_size=&#8221;large&#8221; add_caption=&#8221;yes&#8221; alignment=&#8221;center&#8221; style=&#8221;vc_box_shadow_3d&#8221; onclick=&#8221;link_image&#8221; css=&#8221;.vc_custom_1565769504594{padding-bottom: 0px !important;}&#8221;][\/vc_column_inner][\/vc_row_inner][vc_row_inner][vc_column_inner css=&#8221;.vc_custom_1565021124793{padding-top: 15px !important;}&#8221;][vc_single_image image=&#8221;3911&#8243; img_size=&#8221;large&#8221; add_caption=&#8221;yes&#8221; alignment=&#8221;center&#8221; style=&#8221;vc_box_shadow_3d&#8221; onclick=&#8221;link_image&#8221; css=&#8221;.vc_custom_1565010298630{padding-bottom: 0px !important;}&#8221;][\/vc_column_inner][\/vc_row_inner][\/vc_column][\/vc_row][vc_row][vc_column][vc_empty_space height=&#8221;35px&#8221;][vc_custom_heading text=&#8221;A brief outline of our company&#8217;s historical history.&#8221; use_theme_fonts=&#8221;yes&#8221;][vc_column_text]\t\t\t<section id=\"cd-timeline\" class=\"cd-container timeline-express\">\n\n\t\t\t\n<div class=\"cd-timeline-block september 21 2019 announcement-no-image announcement-5600\">\n\n\t\n\t\t<div class=\"cd-timeline-img cd-picture icon-no-readmore\" style=\"background:#f4c01c;\">\n\n\t\t\t<!-- Custom Action Hook -->\n\t\t\t\n\t\t\t\t<!-- Standard Font Awesome Icon -->\n\t\t\t\t<span class=\"fa fa-circle\" title=\"from 1945 to 1957\"><\/span>\n\n\t\t\t\n\t\t<\/div> <!-- cd-timeline-img -->\n\n\t\n\t<!-- Timeline Content -->\n\t<div class=\"cd-timeline-content\">\n\n\t\t\n\t\t<!-- Announcement Title -->\n\t\t<div class=\"cd-timeline-title-container\">\n\n\t\t\t\n\t\t\t<h2 class=\"cd-timeline-item-title\">\n\t\t\t\tfrom 1945 to 1957\t\t\t<\/h2>\n\n\t\t\t\t\t<\/div>\n\t\t<!-- End Announcement Title -->\n\n\t\t\n\t\t<!-- Announcement Excerpt -->\n\t\t<div class=\"the-excerpt\">\n\t\t\t<p>State-owned enterprise: Dolno\u015bl\u0105skie Zak\u0142ady Metalowe in Duszniki-Zdr\u00f3j, subordinate to the Unification of the Field Industry in Warsaw<\/p>\n\t\t<\/div>\n\t\t<!-- End Announcement Excerpt -->\n\n\t\t\n\t<\/div>\n\t<!-- End Timeline Content -->\n\n<\/div>\n<!-- End Timeline Block -->\n\n<div class=\"cd-timeline-block september 21 2019 announcement-no-image announcement-5603\">\n\n\t\n\t\t<div class=\"cd-timeline-img cd-picture icon-no-readmore\" style=\"background:#f4c01c;\">\n\n\t\t\t<!-- Custom Action Hook -->\n\t\t\t\n\t\t\t\t<!-- Standard Font Awesome Icon -->\n\t\t\t\t<span class=\"fa fa-circle\" title=\"from 1957 to 1995\"><\/span>\n\n\t\t\t\n\t\t<\/div> <!-- cd-timeline-img -->\n\n\t\n\t<!-- Timeline Content -->\n\t<div class=\"cd-timeline-content\">\n\n\t\t\n\t\t<!-- Announcement Title -->\n\t\t<div class=\"cd-timeline-title-container\">\n\n\t\t\t\n\t\t\t<h2 class=\"cd-timeline-item-title\">\n\t\t\t\tfrom 1957 to 1995\t\t\t<\/h2>\n\n\t\t\t\t\t<\/div>\n\t\t<!-- End Announcement Title -->\n\n\t\t\n\t\t<!-- Announcement Excerpt -->\n\t\t<div class=\"the-excerpt\">\n\t\t\t<p>State-owned enterprise: Zak\u0142ady Elektrotechniki Motoryzniczej in Duszniki-Zdr\u00f3j, subordinate to the Automotive Industry Union in Warsaw<\/p>\n\t\t<\/div>\n\t\t<!-- End Announcement Excerpt -->\n\n\t\t\n\t<\/div>\n\t<!-- End Timeline Content -->\n\n<\/div>\n<!-- End Timeline Block -->\n\n<div class=\"cd-timeline-block september 21 2019 announcement-no-image announcement-5605\">\n\n\t\n\t\t<div class=\"cd-timeline-img cd-picture icon-no-readmore\" style=\"background:#f4c01c;\">\n\n\t\t\t<!-- Custom Action Hook -->\n\t\t\t\n\t\t\t\t<!-- Standard Font Awesome Icon -->\n\t\t\t\t<span class=\"fa fa-circle\" title=\"from 1995 to 1997\"><\/span>\n\n\t\t\t\n\t\t<\/div> <!-- cd-timeline-img -->\n\n\t\n\t<!-- Timeline Content -->\n\t<div class=\"cd-timeline-content\">\n\n\t\t\n\t\t<!-- Announcement Title -->\n\t\t<div class=\"cd-timeline-title-container\">\n\n\t\t\t\n\t\t\t<h2 class=\"cd-timeline-item-title\">\n\t\t\t\tfrom 1995 to 1997\t\t\t<\/h2>\n\n\t\t\t\t\t<\/div>\n\t\t<!-- End Announcement Title -->\n\n\t\t\n\t\t<!-- Announcement Excerpt -->\n\t\t<div class=\"the-excerpt\">\n\t\t\t<p>As a joint-stock company: POL-MOT ZEM S.A. owned by POL-MOT Holding in Warsaw<\/p>\n\t\t<\/div>\n\t\t<!-- End Announcement Excerpt -->\n\n\t\t\n\t<\/div>\n\t<!-- End Timeline Content -->\n\n<\/div>\n<!-- End Timeline Block -->\n\n<div class=\"cd-timeline-block september 21 2019 announcement-no-image announcement-5606\">\n\n\t\n\t\t<div class=\"cd-timeline-img cd-picture icon-no-readmore\" style=\"background:#f4c01c;\">\n\n\t\t\t<!-- Custom Action Hook -->\n\t\t\t\n\t\t\t\t<!-- Standard Font Awesome Icon -->\n\t\t\t\t<span class=\"fa fa-circle\" title=\"from 1997 to 2001\"><\/span>\n\n\t\t\t\n\t\t<\/div> <!-- cd-timeline-img -->\n\n\t\n\t<!-- Timeline Content -->\n\t<div class=\"cd-timeline-content\">\n\n\t\t\n\t\t<!-- Announcement Title -->\n\t\t<div class=\"cd-timeline-title-container\">\n\n\t\t\t\n\t\t\t<h2 class=\"cd-timeline-item-title\">\n\t\t\t\tfrom 1997 to 2001\t\t\t<\/h2>\n\n\t\t\t\t\t<\/div>\n\t\t<!-- End Announcement Title -->\n\n\t\t\n\t\t<!-- Announcement Excerpt -->\n\t\t<div class=\"the-excerpt\">\n\t\t\t<p>Joint-stock company: VISTEON ZEM S.A. belonging to the Ford Motor Co.\u00a0 Group<\/p>\n\t\t<\/div>\n\t\t<!-- End Announcement Excerpt -->\n\n\t\t\n\t<\/div>\n\t<!-- End Timeline Content -->\n\n<\/div>\n<!-- End Timeline Block -->\n\n<div class=\"cd-timeline-block september 22 2019 announcement-no-image announcement-5609\">\n\n\t\n\t\t<div class=\"cd-timeline-img cd-picture icon-no-readmore\" style=\"background:#f4c01c;\">\n\n\t\t\t<!-- Custom Action Hook -->\n\t\t\t\n\t\t\t\t<!-- Standard Font Awesome Icon -->\n\t\t\t\t<span class=\"fa fa-circle\" title=\"from 01-02-2002\"><\/span>\n\n\t\t\t\n\t\t<\/div> <!-- cd-timeline-img -->\n\n\t\n\t<!-- Timeline Content -->\n\t<div class=\"cd-timeline-content\">\n\n\t\t\n\t\t<!-- Announcement Title -->\n\t\t<div class=\"cd-timeline-title-container\">\n\n\t\t\t\n\t\t\t<h2 class=\"cd-timeline-item-title\">\n\t\t\t\tfrom 01-02-2002\t\t\t<\/h2>\n\n\t\t\t\t\t<\/div>\n\t\t<!-- End Announcement Title -->\n\n\t\t\n\t\t<!-- Announcement Excerpt -->\n\t\t<div class=\"the-excerpt\">\n\t\t\t<p>A limited company with 100% ownership to four families<\/p>\n\t\t<\/div>\n\t\t<!-- End Announcement Excerpt -->\n\n\t\t\n\t<\/div>\n\t<!-- End Timeline Content -->\n\n<\/div>\n<!-- End Timeline Block -->\n\n\t\t\t<\/section>\n\n\t\t\t<!-- Timeline Express Free v1.8.1 | Site: https:\/\/www.wp-timelineexpress.com | Author: CodeParrots - http:\/\/www.codeparrots.com -->[\/vc_column_text][\/vc_column][\/vc_row][vc_row][vc_column][vc_empty_space height=&#8221;35px&#8221;][vc_custom_heading text=&#8221;Photo gallery from our Chamber of Remembrance.&#8221; use_theme_fonts=&#8221;yes&#8221;][\/vc_column][\/vc_row][vc_row full_width=&#8221;stretch_row&#8221; css=&#8221;.vc_custom_1566252554619{margin-bottom: -60px !important;background-image: url(http:\/\/zem.com.pl\/wp-content\/uploads\/2019\/08\/tlo-o-nas-blackaa.jpg?id=4395) !important;}&#8221;][vc_column][vc_empty_space height=&#8221;35px&#8221;][vc_raw_html]JTVCcmxfZ2FsbGVyeSUyMGlkJTNEJTIyNTI4NiUyMiU1RA==[\/vc_raw_html][vc_empty_space height=&#8221;25px&#8221;][\/vc_column][\/vc_row]<\/p>\n","protected":false},"excerpt":{"rendered":"<p>[vc_row full_width=&#8221;stretch_row&#8221; equal_height=&#8221;yes&#8221; content_placement=&#8221;middle&#8221; parallax=&#8221;content-moving&#8221; parallax_speed_bg=&#8221;1.2&#8243; css=&#8221;.vc_custom_1565027931292{background: #262522 url(http:\/\/zem.com.pl\/wp-content\/uploads\/2019\/08\/tlo-o-nas-blackaa.jpg?id=4395);background-position:center;background-repeat:-repeat !important;background-size: cover !important;}&#8221;][vc_column width=&#8221;1\/2&#8243; css=&#8221;.vc_custom_1565010635701{margin-right: 15px !important;margin-left: 15px !important;padding-right: 30px !important;padding-left: 30px !important;background-color: #ffffff !important;}&#8221;][vc_empty_space height=&#8221;35px&#8221;][vc_custom_heading text=&#8221;Our history&#8221; use_theme_fonts=&#8221;yes&#8221;][vc_column_text]Our company has experienced a turbulent history related to the political transformation of the entire Polish economy in the second half of the 20th century and at the beginning of the 21st century. There is no overstatement in claiming that its current existence is due to the persistence and determination of people from its current management as well as the commitment and experience of the crew. The roots of the plant date back to the nineteenth century, when in 1891 in Duszniki, a German entrepreneur founded the Home Hand Weaving Industry Organization, and then a large mechanical weaving mill based on it. The weaving mill underwent many perturbations in connection with the First and Second World War, and finally in 1945 it was liquidated and transformed. This is when the true story of ZEM begins. The Polish economy has experienced many changes towards the 21st century. The company has changed the same way, undergoing numerous conversions as well as changing and adapting its production profile to current<\/p>\n","protected":false},"author":1,"featured_media":0,"parent":5586,"menu_order":0,"comment_status":"closed","ping_status":"closed","template":"","meta":[],"yoast_head":"<!-- This site is optimized with the Yoast SEO plugin v15.7 - https:\/\/yoast.com\/wordpress\/plugins\/seo\/ -->\n<title>Our history - ZEM Sp. z o.o.<\/title>\n<meta name=\"robots\" content=\"index, follow, max-snippet:-1, max-image-preview:large, max-video-preview:-1\" \/>\n<link rel=\"canonical\" href=\"https:\/\/zem.com.pl\/en\/about-us\/our-history\/\" \/>\n<meta property=\"og:locale\" content=\"en_US\" \/>\n<meta property=\"og:type\" content=\"article\" \/>\n<meta property=\"og:title\" content=\"Our history - ZEM Sp. z o.o.\" \/>\n<meta property=\"og:description\" content=\"[vc_row full_width=&#8221;stretch_row&#8221; equal_height=&#8221;yes&#8221; content_placement=&#8221;middle&#8221; parallax=&#8221;content-moving&#8221; parallax_speed_bg=&#8221;1.2&#8243; css=&#8221;.vc_custom_1565027931292{background: #262522 url(http:\/\/zem.com.pl\/wp-content\/uploads\/2019\/08\/tlo-o-nas-blackaa.jpg?id=4395);background-position:center;background-repeat:-repeat !important;background-size: cover !important;}&#8221;][vc_column width=&#8221;1\/2&#8243; css=&#8221;.vc_custom_1565010635701{margin-right: 15px !important;margin-left: 15px !important;padding-right: 30px !important;padding-left: 30px !important;background-color: #ffffff !important;}&#8221;][vc_empty_space height=&#8221;35px&#8221;][vc_custom_heading text=&#8221;Our history&#8221; use_theme_fonts=&#8221;yes&#8221;][vc_column_text]Our company has experienced a turbulent history related to the political transformation of the entire Polish economy in the second half of the 20th century and at the beginning of the 21st century. There is no overstatement in claiming that its current existence is due to the persistence and determination of people from its current management as well as the commitment and experience of the crew. The roots of the plant date back to the nineteenth century, when in 1891 in Duszniki, a German entrepreneur founded the Home Hand Weaving Industry Organization, and then a large mechanical weaving mill based on it. The weaving mill underwent many perturbations in connection with the First and Second World War, and finally in\" \/>\n<meta property=\"og:url\" content=\"https:\/\/zem.com.pl\/en\/about-us\/our-history\/\" \/>\n<meta property=\"og:site_name\" content=\"ZEM Sp. z o.o.\" \/>\n<meta property=\"article:publisher\" content=\"https:\/\/www.facebook.com\/ZEMDCMotors\/\" \/>\n<meta property=\"article:modified_time\" content=\"2019-09-22T21:31:54+00:00\" \/>\n<meta name=\"twitter:card\" content=\"summary_large_image\" \/>\n<meta name=\"twitter:label1\" content=\"Est. reading time\">\n\t<meta name=\"twitter:data1\" content=\"3 minutes\">\n<script type=\"application\/ld+json\" class=\"yoast-schema-graph\">{\"@context\":\"https:\/\/schema.org\",\"@graph\":[{\"@type\":\"Organization\",\"@id\":\"https:\/\/zem.com.pl\/#organization\",\"name\":\"Zak\\u0142ady Elektrotechniki Motoryzacyjnej Sp. z o.o.\",\"url\":\"https:\/\/zem.com.pl\/\",\"sameAs\":[\"https:\/\/www.facebook.com\/ZEMDCMotors\/\",\"http:\/\/linkedin.com\/company\/zem-dcmotors\"],\"logo\":{\"@type\":\"ImageObject\",\"@id\":\"https:\/\/zem.com.pl\/#logo\",\"inLanguage\":\"en-US\",\"url\":\"https:\/\/zem.com.pl\/wp-content\/uploads\/2019\/08\/Silniki-3.jpg\",\"width\":1296,\"height\":976,\"caption\":\"Zak\\u0142ady Elektrotechniki Motoryzacyjnej Sp. z o.o.\"},\"image\":{\"@id\":\"https:\/\/zem.com.pl\/#logo\"}},{\"@type\":\"WebSite\",\"@id\":\"https:\/\/zem.com.pl\/#website\",\"url\":\"https:\/\/zem.com.pl\/\",\"name\":\"ZEM Sp. z o.o.\",\"description\":\"ZEM, DC Motors producer\",\"publisher\":{\"@id\":\"https:\/\/zem.com.pl\/#organization\"},\"potentialAction\":[{\"@type\":\"SearchAction\",\"target\":\"https:\/\/zem.com.pl\/?s={search_term_string}\",\"query-input\":\"required name=search_term_string\"}],\"inLanguage\":\"en-US\"},{\"@type\":\"WebPage\",\"@id\":\"https:\/\/zem.com.pl\/en\/about-us\/our-history\/#webpage\",\"url\":\"https:\/\/zem.com.pl\/en\/about-us\/our-history\/\",\"name\":\"Our history - ZEM Sp. z o.o.\",\"isPartOf\":{\"@id\":\"https:\/\/zem.com.pl\/#website\"},\"datePublished\":\"2019-09-21T18:03:59+00:00\",\"dateModified\":\"2019-09-22T21:31:54+00:00\",\"inLanguage\":\"en-US\",\"potentialAction\":[{\"@type\":\"ReadAction\",\"target\":[\"https:\/\/zem.com.pl\/en\/about-us\/our-history\/\"]}]}]}<\/script>\n<!-- \/ Yoast SEO plugin. -->","_links":{"self":[{"href":"https:\/\/zem.com.pl\/en\/wp-json\/wp\/v2\/pages\/5595"}],"collection":[{"href":"https:\/\/zem.com.pl\/en\/wp-json\/wp\/v2\/pages"}],"about":[{"href":"https:\/\/zem.com.pl\/en\/wp-json\/wp\/v2\/types\/page"}],"author":[{"embeddable":true,"href":"https:\/\/zem.com.pl\/en\/wp-json\/wp\/v2\/users\/1"}],"replies":[{"embeddable":true,"href":"https:\/\/zem.com.pl\/en\/wp-json\/wp\/v2\/comments?post=5595"}],"version-history":[{"count":4,"href":"https:\/\/zem.com.pl\/en\/wp-json\/wp\/v2\/pages\/5595\/revisions"}],"predecessor-version":[{"id":5612,"href":"https:\/\/zem.com.pl\/en\/wp-json\/wp\/v2\/pages\/5595\/revisions\/5612"}],"up":[{"embeddable":true,"href":"https:\/\/zem.com.pl\/en\/wp-json\/wp\/v2\/pages\/5586"}],"wp:attachment":[{"href":"https:\/\/zem.com.pl\/en\/wp-json\/wp\/v2\/media?parent=5595"}],"curies":[{"name":"wp","href":"https:\/\/api.w.org\/{rel}","templated":true}]}}